{"id":71,"date":"2024-09-03T13:17:48","date_gmt":"2024-09-03T13:17:48","guid":{"rendered":"https:\/\/skbojna.hr\/?page_id=71"},"modified":"2025-03-24T12:23:37","modified_gmt":"2025-03-24T12:23:37","slug":"clanstvo","status":"publish","type":"page","link":"https:\/\/skbojna.hr\/?page_id=71","title":{"rendered":"\u010cLANSTVO"},"content":{"rendered":"\n<p>\u010clanom kluba postaje se <strong>popunjavanjem online Zahtjeva za upis ili popunjavanjem Zahtjeva u prostorijama kluba i pla\u0107anjem \u010dlanarine<\/strong>.<\/p>\n\n\n\n<p><strong>Iznos mjese\u010dne \u010dlanarine iznosi 10,00\u20ac.<\/strong><\/p>\n\n\n\n<p><strong>\u010clanovi koji se upisuju prvi put ili nakon prekida \u010dlanstva, du\u017eni su za prvu godinu upisa uplatiti iznos jednak 12 mjese\u010dnih \u010dlanarina.<\/strong> <\/p>\n\n\n\n<p>Svaki \u010dlan kluba odnosno roditelj, skrbnik ili zakonski zastupnik je du\u017ean redovito podmirivati mjese\u010dnu \u010dlanarinu koja se podmiruje ukupno za 12 mjeseci u godini. \u010clanarina se pla\u0107a do 20-og u mjesecu za teku\u0107i mjesec.<\/p>\n\n\n\n<p>\u010clanarina se pla\u0107a na IBAN: HR4623400091111296003 te se u opisu navodi: &#8220;ime i prezime \u010dlana, mjesec-godina&#8221; za koji se upla\u0107uje \u010dlanarina.<\/p>\n\n\n<div class=\"wpforms-container wpforms-container-full wpforms-block wpforms-block-d020d80f-3569-4071-b605-72cf47141d5b wpforms-render-modern\" id=\"wpforms-104\"><form id=\"wpforms-form-104\" class=\"wpforms-validate wpforms-form wpforms-ajax-form\" data-formid=\"104\" method=\"post\" enctype=\"multipart\/form-data\" action=\"\/index.php?rest_route=%2Fwp%2Fv2%2Fpages%2F71\" data-token=\"f920cd45317e9498590ee19d0cc34025\" data-token-time=\"1775820752\"><noscript class=\"wpforms-error-noscript\">Please enable JavaScript in your browser to complete this form.<\/noscript><div id=\"wpforms-error-noscript\" style=\"display: none;\">Please enable JavaScript in your browser to complete this form.<\/div><div class=\"wpforms-field-container\"><div id=\"wpforms-104-field_1-container\" class=\"wpforms-field wpforms-field-name\" data-field-id=\"1\"><fieldset><legend class=\"wpforms-field-label\">Ime i prezime <span class=\"wpforms-required-label\" aria-hidden=\"true\">*<\/span><\/legend><div class=\"wpforms-field-row wpforms-field-large\"><div class=\"wpforms-field-row-block wpforms-first wpforms-one-half\"><input type=\"text\" id=\"wpforms-104-field_1\" class=\"wpforms-field-name-first wpforms-field-required\" name=\"wpforms[fields][1][first]\" placeholder=\"Ime\" aria-errormessage=\"wpforms-104-field_1-error\" required><label for=\"wpforms-104-field_1\" class=\"wpforms-field-sublabel after wpforms-sublabel-hide\">First<\/label><\/div><div class=\"wpforms-field-row-block wpforms-one-half\"><input type=\"text\" id=\"wpforms-104-field_1-last\" class=\"wpforms-field-name-last wpforms-field-required\" name=\"wpforms[fields][1][last]\" placeholder=\"Prezime\" aria-errormessage=\"wpforms-104-field_1-last-error\" required><label for=\"wpforms-104-field_1-last\" class=\"wpforms-field-sublabel after wpforms-sublabel-hide\">Last<\/label><\/div><\/div><\/fieldset><\/div><div id=\"wpforms-104-field_2-container\" class=\"wpforms-field wpforms-field-text\" data-field-id=\"2\"><label class=\"wpforms-field-label\" for=\"wpforms-104-field_2\">Dr\u017eavljanstvo <span class=\"wpforms-required-label\" aria-hidden=\"true\">*<\/span><\/label><input type=\"text\" id=\"wpforms-104-field_2\" class=\"wpforms-field-large wpforms-field-required\" name=\"wpforms[fields][2]\" aria-errormessage=\"wpforms-104-field_2-error\" required><\/div><div id=\"wpforms-104-field_3-container\" class=\"wpforms-field wpforms-field-text\" data-field-id=\"3\"><label class=\"wpforms-field-label\" for=\"wpforms-104-field_3\">Mjesto i datum ro\u0111enja <span class=\"wpforms-required-label\" aria-hidden=\"true\">*<\/span><\/label><input type=\"text\" id=\"wpforms-104-field_3\" class=\"wpforms-field-large wpforms-field-required\" name=\"wpforms[fields][3]\" placeholder=\"Mjesto ro\u0111enja, dd.mm.gggg.\" aria-errormessage=\"wpforms-104-field_3-error\" required><\/div><div id=\"wpforms-104-field_5-container\" class=\"wpforms-field wpforms-field-text\" data-field-id=\"5\"><label class=\"wpforms-field-label\" for=\"wpforms-104-field_5\">OIB <span class=\"wpforms-required-label\" aria-hidden=\"true\">*<\/span><\/label><input type=\"text\" id=\"wpforms-104-field_5\" class=\"wpforms-field-large wpforms-field-required\" name=\"wpforms[fields][5]\" aria-errormessage=\"wpforms-104-field_5-error\" required><\/div><div id=\"wpforms-104-field_7-container\" class=\"wpforms-field wpforms-field-text\" data-field-id=\"7\"><label class=\"wpforms-field-label\" for=\"wpforms-104-field_7\">Mjesto i adresa stanovanja <span class=\"wpforms-required-label\" aria-hidden=\"true\">*<\/span><\/label><input type=\"text\" id=\"wpforms-104-field_7\" class=\"wpforms-field-large wpforms-field-required\" name=\"wpforms[fields][7]\" placeholder=\"Mjesto, adresa\" aria-errormessage=\"wpforms-104-field_7-error\" required><\/div><div id=\"wpforms-104-field_8-container\" class=\"wpforms-field wpforms-field-name\" data-field-id=\"8\"><fieldset><legend class=\"wpforms-field-label\">Osobna iskaznica <span class=\"wpforms-required-label\" aria-hidden=\"true\">*<\/span><\/legend><div class=\"wpforms-field-row wpforms-field-large\"><div class=\"wpforms-field-row-block wpforms-first wpforms-one-half\"><input type=\"text\" id=\"wpforms-104-field_8\" class=\"wpforms-field-name-first wpforms-field-required\" name=\"wpforms[fields][8][first]\" placeholder=\"Broj osobne iskaznice\" aria-errormessage=\"wpforms-104-field_8-error\" required><label for=\"wpforms-104-field_8\" class=\"wpforms-field-sublabel after wpforms-sublabel-hide\">First<\/label><\/div><div class=\"wpforms-field-row-block wpforms-one-half\"><input type=\"text\" id=\"wpforms-104-field_8-last\" class=\"wpforms-field-name-last wpforms-field-required\" name=\"wpforms[fields][8][last]\" placeholder=\"Vrijedi do\" aria-errormessage=\"wpforms-104-field_8-last-error\" required><label for=\"wpforms-104-field_8-last\" class=\"wpforms-field-sublabel after wpforms-sublabel-hide\">Last<\/label><\/div><\/div><\/fieldset><\/div><div id=\"wpforms-104-field_10-container\" class=\"wpforms-field wpforms-field-text\" data-field-id=\"10\"><label class=\"wpforms-field-label\" for=\"wpforms-104-field_10\">Izdana od <span class=\"wpforms-required-label\" aria-hidden=\"true\">*<\/span><\/label><input type=\"text\" id=\"wpforms-104-field_10\" class=\"wpforms-field-large wpforms-field-required\" name=\"wpforms[fields][10]\" aria-errormessage=\"wpforms-104-field_10-error\" required><\/div><div id=\"wpforms-104-field_11-container\" class=\"wpforms-field wpforms-field-text\" data-field-id=\"11\"><label class=\"wpforms-field-label\" for=\"wpforms-104-field_11\">Kontakt telefon <span class=\"wpforms-required-label\" aria-hidden=\"true\">*<\/span><\/label><input type=\"text\" id=\"wpforms-104-field_11\" class=\"wpforms-field-large wpforms-field-required\" name=\"wpforms[fields][11]\" aria-errormessage=\"wpforms-104-field_11-error\" required><\/div><div id=\"wpforms-104-field_13-container\" class=\"wpforms-field wpforms-field-email\" data-field-id=\"13\"><label class=\"wpforms-field-label\" for=\"wpforms-104-field_13\">Email <span class=\"wpforms-required-label\" aria-hidden=\"true\">*<\/span><\/label><input type=\"email\" id=\"wpforms-104-field_13\" class=\"wpforms-field-large wpforms-field-required\" name=\"wpforms[fields][13]\" spellcheck=\"false\" aria-errormessage=\"wpforms-104-field_13-error\" required><\/div>\t\t<div id=\"wpforms-104-field_4-container\"\n\t\t\tclass=\"wpforms-field wpforms-field-text\"\n\t\t\tdata-field-type=\"text\"\n\t\t\tdata-field-id=\"4\"\n\t\t\t>\n\t\t\t<label class=\"wpforms-field-label\" for=\"wpforms-104-field_4\" >Email i KOMENTAR<\/label>\n\t\t\t<input type=\"text\" id=\"wpforms-104-field_4\" class=\"wpforms-field-medium\" name=\"wpforms[fields][4]\" >\n\t\t<\/div>\n\t\t<div id=\"wpforms-104-field_17-container\" class=\"wpforms-field wpforms-field-radio\" data-field-id=\"17\"><fieldset><legend class=\"wpforms-field-label\">Posjedujem vlastito oru\u017eje <span class=\"wpforms-required-label\" aria-hidden=\"true\">*<\/span><\/legend><ul id=\"wpforms-104-field_17\" class=\"wpforms-field-required\"><li class=\"choice-1 depth-1\"><input type=\"radio\" id=\"wpforms-104-field_17_1\" name=\"wpforms[fields][17]\" value=\"DA\" aria-errormessage=\"wpforms-104-field_17_1-error\" aria-describedby=\"wpforms-104-field_17-description\" required ><label class=\"wpforms-field-label-inline\" for=\"wpforms-104-field_17_1\">DA<\/label><\/li><li class=\"choice-2 depth-1\"><input type=\"radio\" id=\"wpforms-104-field_17_2\" name=\"wpforms[fields][17]\" value=\"NE\" aria-errormessage=\"wpforms-104-field_17_2-error\" aria-describedby=\"wpforms-104-field_17-description\" required ><label class=\"wpforms-field-label-inline\" for=\"wpforms-104-field_17_2\">NE<\/label><\/li><\/ul><div id=\"wpforms-104-field_17-description\" class=\"wpforms-field-description\">Ukoliko ne posjedujete oru\u017eje, mo\u017eemo Vas zatra\u017eiti potvrdu o neka\u017enjavanju.<\/div><\/fieldset><\/div><div id=\"wpforms-104-field_15-container\" class=\"wpforms-field wpforms-field-checkbox\" data-field-id=\"15\"><fieldset><legend class=\"wpforms-field-label\">IZJAVA <span class=\"wpforms-required-label\" aria-hidden=\"true\">*<\/span><\/legend><ul id=\"wpforms-104-field_15\" class=\"wpforms-field-required\"><li class=\"choice-1 depth-1\"><input type=\"checkbox\" id=\"wpforms-104-field_15_1\" name=\"wpforms[fields][15][]\" value=\"Prihva\u0107am izjavu kojom se obvezujem na sve navedeno u svezi prava i obaveza iz Statuta Kluba, prihva\u0107am odgovornost i propisane sankcije u slu\u010daju nepo\u0161tivanja Statuta Kluba i ostalog navedenog u ovom Zahtjevu. Tako\u0111er izjavljujem da svu mogu\u0107u nastalu \u0161tetu za koju sam odgovoran snosim osobno, te da sam odgovoran za sve eventualne povrede koje mogu nastati mojom nepa\u017enjom. Svojim potpisom (ili potpisom roditelja, skrbnika ili zakonskog zastupnika) potvr\u0111ujem da sam razumio i pro\u010ditao Statut STRELJA\u010cKOG KLUBA BOJNA, Zahtjev za upis i ovu Izjavu. Potvr\u0111ujem da su svi podaci u pristupnici to\u010dni te sam suglasan da se moji osobni podaci koriste za potrebe \u010dlanstva u Klubu radi aktivnosti Kluba odre\u0111ene Statutom. Tako\u0111er sam suglasan da se osobni podaci dani u pristupnici dijele prema Zagreba\u010dkom Strelja\u010dkom Savezu i Hrvatskom Strelja\u010dkom Savezu radi registracije pri tim organizacijama, a radi potrebe aktivnosti vezanih uz \u010dlanstvo u navedenim organizacijama.\" aria-errormessage=\"wpforms-104-field_15_1-error\" required ><label class=\"wpforms-field-label-inline\" for=\"wpforms-104-field_15_1\">Prihva\u0107am izjavu kojom se obvezujem na sve navedeno u svezi prava i obaveza iz Statuta Kluba, prihva\u0107am odgovornost i propisane sankcije u slu\u010daju nepo\u0161tivanja Statuta Kluba i ostalog navedenog u ovom Zahtjevu. Tako\u0111er izjavljujem da svu mogu\u0107u nastalu \u0161tetu za koju sam odgovoran snosim osobno, te da sam odgovoran za sve eventualne povrede koje mogu nastati mojom nepa\u017enjom. Svojim potpisom (ili potpisom roditelja, skrbnika ili zakonskog zastupnika) potvr\u0111ujem da sam razumio i pro\u010ditao Statut STRELJA\u010cKOG KLUBA BOJNA, Zahtjev za upis i ovu Izjavu. Potvr\u0111ujem da su svi podaci u pristupnici to\u010dni te sam suglasan da se moji osobni podaci koriste za potrebe \u010dlanstva u Klubu radi aktivnosti Kluba odre\u0111ene Statutom. Tako\u0111er sam suglasan da se osobni podaci dani u pristupnici dijele prema Zagreba\u010dkom Strelja\u010dkom Savezu i Hrvatskom Strelja\u010dkom Savezu radi registracije pri tim organizacijama, a radi potrebe aktivnosti vezanih uz \u010dlanstvo u navedenim organizacijama.<\/label><\/li><\/ul><\/fieldset><\/div><div id=\"wpforms-104-field_16-container\" class=\"wpforms-field wpforms-field-textarea\" data-field-id=\"16\"><label class=\"wpforms-field-label\" for=\"wpforms-104-field_16\">KOMENTAR<\/label><textarea id=\"wpforms-104-field_16\" class=\"wpforms-field-medium\" name=\"wpforms[fields][16]\" aria-errormessage=\"wpforms-104-field_16-error\" ><\/textarea><\/div><script>\n\t\t\t\t( function() {\n\t\t\t\t\tconst style = document.createElement( 'style' );\n\t\t\t\t\tstyle.appendChild( document.createTextNode( '#wpforms-104-field_4-container { position: absolute !important; overflow: hidden !important; display: inline !important; height: 1px !important; width: 1px !important; z-index: -1000 !important; padding: 0 !important; } #wpforms-104-field_4-container input { visibility: hidden; } #wpforms-conversational-form-page #wpforms-104-field_4-container label { counter-increment: none; }' ) );\n\t\t\t\t\tdocument.head.appendChild( style );\n\t\t\t\t\tdocument.currentScript?.remove();\n\t\t\t\t} )();\n\t\t\t<\/script><\/div><!-- .wpforms-field-container --><div class=\"wpforms-recaptcha-container wpforms-is-recaptcha wpforms-is-recaptcha-type-v2\" ><div class=\"g-recaptcha\" data-sitekey=\"6Lf2klcqAAAAAG7xHMjcUMppvDmKPnm-Ses1Od_g\"><\/div><input type=\"text\" name=\"g-recaptcha-hidden\" class=\"wpforms-recaptcha-hidden\" style=\"position:absolute!important;clip:rect(0,0,0,0)!important;height:1px!important;width:1px!important;border:0!important;overflow:hidden!important;padding:0!important;margin:0!important;\" data-rule-recaptcha=\"1\"><\/div><div class=\"wpforms-submit-container\" ><input type=\"hidden\" name=\"wpforms[id]\" value=\"104\"><input type=\"hidden\" name=\"page_title\" value=\"\"><input type=\"hidden\" name=\"page_url\" value=\"https:\/\/skbojna.hr\/index.php?rest_route=\/wp\/v2\/pages\/71\"><input type=\"hidden\" name=\"url_referer\" value=\"\"><button type=\"submit\" name=\"wpforms[submit]\" id=\"wpforms-submit-104\" class=\"wpforms-submit\" data-alt-text=\"\u0160aljemo Zahtjev...\" data-submit-text=\"Predaj Zahtjev\" aria-live=\"assertive\" value=\"wpforms-submit\">Predaj Zahtjev<\/button><img decoding=\"async\" src=\"https:\/\/skbojna.hr\/wp-content\/plugins\/wpforms-lite\/assets\/images\/submit-spin.svg\" class=\"wpforms-submit-spinner\" style=\"display: none;\" width=\"26\" height=\"26\" alt=\"Loading\"><\/div><\/form><\/div>  <!-- .wpforms-container -->\n\n\n<div data-wp-interactive=\"core\/file\" class=\"wp-block-file\"><object data-wp-bind--hidden=\"!state.hasPdfPreview\" hidden class=\"wp-block-file__embed\" data=\"https:\/\/skbojna.hr\/wp-content\/uploads\/2024\/09\/Pristupnica-SK-BOJNA.pdf\" type=\"application\/pdf\" style=\"width:100%;height:600px\" aria-label=\"Ugra\u0111eno Pristupnica SK BOJNA.\"><\/object><a id=\"wp-block-file--media-b719fd3a-89f4-4950-b3f0-22d4b35fb540\" href=\"https:\/\/skbojna.hr\/wp-content\/uploads\/2024\/09\/Pristupnica-SK-BOJNA.pdf\">Pristupnica SK BOJNA<\/a><a href=\"https:\/\/skbojna.hr\/wp-content\/uploads\/2024\/09\/Pristupnica-SK-BOJNA.pdf\" class=\"wp-block-file__button wp-element-button\" download aria-describedby=\"wp-block-file--media-b719fd3a-89f4-4950-b3f0-22d4b35fb540\">Preuzmi<\/a><\/div>\n\n\n\n<figure class=\"wp-block-image aligncenter size-full is-resized\"><img fetchpriority=\"high\" decoding=\"async\" width=\"612\" height=\"360\" src=\"https:\/\/skbojna.hr\/wp-content\/uploads\/2024\/09\/image.png\" alt=\"\" class=\"wp-image-80\" style=\"width:604px;height:auto\" srcset=\"https:\/\/skbojna.hr\/wp-content\/uploads\/2024\/09\/image.png 612w, https:\/\/skbojna.hr\/wp-content\/uploads\/2024\/09\/image-300x176.png 300w\" sizes=\"(max-width: 612px) 100vw, 612px\" \/><figcaption class=\"wp-element-caption\">Primjer uplatnice<\/figcaption><\/figure>\n\n\n\n<p><\/p>\n","protected":false},"excerpt":{"rendered":"<p>\u010clanom kluba postaje se popunjavanjem online Zahtjeva za upis ili popunjavanjem Zahtjeva u prostorijama kluba i pla\u0107anjem \u010dlanarine. Iznos mjese\u010dne \u010dlanarine iznosi 10,00\u20ac. \u010clanovi koji se upisuju prvi put ili nakon prekida \u010dlanstva, du\u017eni su za prvu godinu upisa uplatiti iznos jednak 12 mjese\u010dnih \u010dlanarina. Svaki \u010dlan kluba odnosno roditelj, skrbnik ili zakonski zastupnik je [&hellip;]<\/p>\n","protected":false},"author":2,"featured_media":0,"parent":0,"menu_order":0,"comment_status":"closed","ping_status":"closed","template":"","meta":{"footnotes":""},"class_list":["post-71","page","type-page","status-publish","hentry"],"yoast_head":"<!-- This site is optimized with the Yoast SEO plugin v25.8 - https:\/\/yoast.com\/wordpress\/plugins\/seo\/ -->\n<title>\u010cLANSTVO - SK BOJNA<\/title>\n<meta name=\"robots\" content=\"index, follow, max-snippet:-1, max-image-preview:large, max-video-preview:-1\" \/>\n<link rel=\"canonical\" href=\"https:\/\/skbojna.hr\/?page_id=71\" \/>\n<meta property=\"og:locale\" content=\"hr_HR\" \/>\n<meta property=\"og:type\" content=\"article\" \/>\n<meta property=\"og:title\" content=\"\u010cLANSTVO - SK BOJNA\" \/>\n<meta property=\"og:description\" content=\"\u010clanom kluba postaje se popunjavanjem online Zahtjeva za upis ili popunjavanjem Zahtjeva u prostorijama kluba i pla\u0107anjem \u010dlanarine. Iznos mjese\u010dne \u010dlanarine iznosi 10,00\u20ac. \u010clanovi koji se upisuju prvi put ili nakon prekida \u010dlanstva, du\u017eni su za prvu godinu upisa uplatiti iznos jednak 12 mjese\u010dnih \u010dlanarina. Svaki \u010dlan kluba odnosno roditelj, skrbnik ili zakonski zastupnik je [&hellip;]\" \/>\n<meta property=\"og:url\" content=\"https:\/\/skbojna.hr\/?page_id=71\" \/>\n<meta property=\"og:site_name\" content=\"SK BOJNA\" \/>\n<meta property=\"article:modified_time\" content=\"2025-03-24T12:23:37+00:00\" \/>\n<meta property=\"og:image\" content=\"https:\/\/skbojna.hr\/wp-content\/uploads\/2024\/09\/image.png\" \/>\n<meta name=\"twitter:card\" content=\"summary_large_image\" \/>\n<meta name=\"twitter:label1\" content=\"Procijenjeno vrijeme \u010ditanja\" \/>\n\t<meta name=\"twitter:data1\" content=\"1 minuta\" \/>\n<script type=\"application\/ld+json\" class=\"yoast-schema-graph\">{\"@context\":\"https:\/\/schema.org\",\"@graph\":[{\"@type\":\"WebPage\",\"@id\":\"https:\/\/skbojna.hr\/?page_id=71\",\"url\":\"https:\/\/skbojna.hr\/?page_id=71\",\"name\":\"\u010cLANSTVO - SK BOJNA\",\"isPartOf\":{\"@id\":\"https:\/\/skbojna.hr\/#website\"},\"primaryImageOfPage\":{\"@id\":\"https:\/\/skbojna.hr\/?page_id=71#primaryimage\"},\"image\":{\"@id\":\"https:\/\/skbojna.hr\/?page_id=71#primaryimage\"},\"thumbnailUrl\":\"https:\/\/skbojna.hr\/wp-content\/uploads\/2024\/09\/image.png\",\"datePublished\":\"2024-09-03T13:17:48+00:00\",\"dateModified\":\"2025-03-24T12:23:37+00:00\",\"breadcrumb\":{\"@id\":\"https:\/\/skbojna.hr\/?page_id=71#breadcrumb\"},\"inLanguage\":\"hr\",\"potentialAction\":[{\"@type\":\"ReadAction\",\"target\":[\"https:\/\/skbojna.hr\/?page_id=71\"]}]},{\"@type\":\"ImageObject\",\"inLanguage\":\"hr\",\"@id\":\"https:\/\/skbojna.hr\/?page_id=71#primaryimage\",\"url\":\"https:\/\/skbojna.hr\/wp-content\/uploads\/2024\/09\/image.png\",\"contentUrl\":\"https:\/\/skbojna.hr\/wp-content\/uploads\/2024\/09\/image.png\",\"width\":612,\"height\":360},{\"@type\":\"BreadcrumbList\",\"@id\":\"https:\/\/skbojna.hr\/?page_id=71#breadcrumb\",\"itemListElement\":[{\"@type\":\"ListItem\",\"position\":1,\"name\":\"Po\u010detna stranica\",\"item\":\"https:\/\/skbojna.hr\/\"},{\"@type\":\"ListItem\",\"position\":2,\"name\":\"\u010cLANSTVO\"}]},{\"@type\":\"WebSite\",\"@id\":\"https:\/\/skbojna.hr\/#website\",\"url\":\"https:\/\/skbojna.hr\/\",\"name\":\"SK BOJNA\",\"description\":\"\",\"potentialAction\":[{\"@type\":\"SearchAction\",\"target\":{\"@type\":\"EntryPoint\",\"urlTemplate\":\"https:\/\/skbojna.hr\/?s={search_term_string}\"},\"query-input\":{\"@type\":\"PropertyValueSpecification\",\"valueRequired\":true,\"valueName\":\"search_term_string\"}}],\"inLanguage\":\"hr\"}]}<\/script>\n<!-- \/ Yoast SEO plugin. -->","yoast_head_json":{"title":"\u010cLANSTVO - SK BOJNA","robots":{"index":"index","follow":"follow","max-snippet":"max-snippet:-1","max-image-preview":"max-image-preview:large","max-video-preview":"max-video-preview:-1"},"canonical":"https:\/\/skbojna.hr\/?page_id=71","og_locale":"hr_HR","og_type":"article","og_title":"\u010cLANSTVO - SK BOJNA","og_description":"\u010clanom kluba postaje se popunjavanjem online Zahtjeva za upis ili popunjavanjem Zahtjeva u prostorijama kluba i pla\u0107anjem \u010dlanarine. Iznos mjese\u010dne \u010dlanarine iznosi 10,00\u20ac. \u010clanovi koji se upisuju prvi put ili nakon prekida \u010dlanstva, du\u017eni su za prvu godinu upisa uplatiti iznos jednak 12 mjese\u010dnih \u010dlanarina. Svaki \u010dlan kluba odnosno roditelj, skrbnik ili zakonski zastupnik je [&hellip;]","og_url":"https:\/\/skbojna.hr\/?page_id=71","og_site_name":"SK BOJNA","article_modified_time":"2025-03-24T12:23:37+00:00","og_image":[{"url":"https:\/\/skbojna.hr\/wp-content\/uploads\/2024\/09\/image.png","type":"","width":"","height":""}],"twitter_card":"summary_large_image","twitter_misc":{"Procijenjeno vrijeme \u010ditanja":"1 minuta"},"schema":{"@context":"https:\/\/schema.org","@graph":[{"@type":"WebPage","@id":"https:\/\/skbojna.hr\/?page_id=71","url":"https:\/\/skbojna.hr\/?page_id=71","name":"\u010cLANSTVO - SK BOJNA","isPartOf":{"@id":"https:\/\/skbojna.hr\/#website"},"primaryImageOfPage":{"@id":"https:\/\/skbojna.hr\/?page_id=71#primaryimage"},"image":{"@id":"https:\/\/skbojna.hr\/?page_id=71#primaryimage"},"thumbnailUrl":"https:\/\/skbojna.hr\/wp-content\/uploads\/2024\/09\/image.png","datePublished":"2024-09-03T13:17:48+00:00","dateModified":"2025-03-24T12:23:37+00:00","breadcrumb":{"@id":"https:\/\/skbojna.hr\/?page_id=71#breadcrumb"},"inLanguage":"hr","potentialAction":[{"@type":"ReadAction","target":["https:\/\/skbojna.hr\/?page_id=71"]}]},{"@type":"ImageObject","inLanguage":"hr","@id":"https:\/\/skbojna.hr\/?page_id=71#primaryimage","url":"https:\/\/skbojna.hr\/wp-content\/uploads\/2024\/09\/image.png","contentUrl":"https:\/\/skbojna.hr\/wp-content\/uploads\/2024\/09\/image.png","width":612,"height":360},{"@type":"BreadcrumbList","@id":"https:\/\/skbojna.hr\/?page_id=71#breadcrumb","itemListElement":[{"@type":"ListItem","position":1,"name":"Po\u010detna stranica","item":"https:\/\/skbojna.hr\/"},{"@type":"ListItem","position":2,"name":"\u010cLANSTVO"}]},{"@type":"WebSite","@id":"https:\/\/skbojna.hr\/#website","url":"https:\/\/skbojna.hr\/","name":"SK BOJNA","description":"","potentialAction":[{"@type":"SearchAction","target":{"@type":"EntryPoint","urlTemplate":"https:\/\/skbojna.hr\/?s={search_term_string}"},"query-input":{"@type":"PropertyValueSpecification","valueRequired":true,"valueName":"search_term_string"}}],"inLanguage":"hr"}]}},"_links":{"self":[{"href":"https:\/\/skbojna.hr\/index.php?rest_route=\/wp\/v2\/pages\/71","targetHints":{"allow":["GET"]}}],"collection":[{"href":"https:\/\/skbojna.hr\/index.php?rest_route=\/wp\/v2\/pages"}],"about":[{"href":"https:\/\/skbojna.hr\/index.php?rest_route=\/wp\/v2\/types\/page"}],"author":[{"embeddable":true,"href":"https:\/\/skbojna.hr\/index.php?rest_route=\/wp\/v2\/users\/2"}],"replies":[{"embeddable":true,"href":"https:\/\/skbojna.hr\/index.php?rest_route=%2Fwp%2Fv2%2Fcomments&post=71"}],"version-history":[{"count":4,"href":"https:\/\/skbojna.hr\/index.php?rest_route=\/wp\/v2\/pages\/71\/revisions"}],"predecessor-version":[{"id":186,"href":"https:\/\/skbojna.hr\/index.php?rest_route=\/wp\/v2\/pages\/71\/revisions\/186"}],"wp:attachment":[{"href":"https:\/\/skbojna.hr\/index.php?rest_route=%2Fwp%2Fv2%2Fmedia&parent=71"}],"curies":[{"name":"wp","href":"https:\/\/api.w.org\/{rel}","templated":true}]}}